{"id":476,"date":"2015-06-30T18:30:32","date_gmt":"2015-06-30T18:30:32","guid":{"rendered":"http:\/\/create.themetrust.com\/?page_id=476"},"modified":"2020-07-14T01:21:31","modified_gmt":"2020-07-14T01:21:31","slug":"proyectos","status":"publish","type":"page","link":"https:\/\/cexibero.online\/index.php\/proyectos\/","title":{"rendered":"Proyectos"},"content":{"rendered":"<div id=\"pl-476\"  class=\"panel-layout\" ><div id=\"pg-476-0\"  class=\"panel-grid panel-has-style\" ><div class=\"siteorigin-panels-stretch panel-row-style panel-row-style-for-476-0\" style=\"background-image: url(https:\/\/cexibero.online\/wp-content\/uploads\/2015\/06\/black_office.jpg);background-size: cover;background-position: left top;padding-top: 180px; padding-bottom: 100px; \" data-stretch-type=\"full\" ><div id=\"pgc-476-0-0\"  class=\"panel-grid-cell\" ><div id=\"panel-476-0-0-0\" class=\"so-panel widget widget_black-studio-tinymce widget_black_studio_tinymce panel-first-child panel-last-child\" data-index=\"0\" ><div class=\"panel-widget-style panel-widget-style-for-476-0-0-0\" ><div class=\"textwidget\"><h3 style=\"text-align: left;\">PROYECTOS<\/h3>\n<p style=\"text-align: left;\"><span style=\"font-size: 18px; color: #808080;\">Trabajos realizados por el CEX<\/span><\/p>\n<\/div><\/div><\/div><\/div><\/div><\/div><div id=\"pg-476-1\"  class=\"panel-grid panel-has-style\" ><div class=\"siteorigin-panels-stretch panel-row-style panel-row-style-for-476-1\" style=\"padding-top: 0px; padding-bottom: 0px; \" data-stretch-type=\"full-stretched\" ><div id=\"pgc-476-1-0\"  class=\"panel-grid-cell\" ><div id=\"panel-476-1-0-0\" class=\"so-panel widget widget_ttrust_portfolio create-portfolio panel-first-child panel-last-child\" data-index=\"1\" >\t\t\t\n\t\t\t\t<div class=\"projects rows-without-gutter col-5\">\n\t\t\t\t\n\t\t\t\t\t\t\t\t\t\t\t\t\t<ul id=\"filter-nav\" class=\"clearfix center\">\n\t\t\t\t\t\t\t\t\t<li class=\"all-btn\"><a href=\"#\" data-filter=\"*\" class=\"selected\">All<\/a><\/li>\n\t\t\t\t\t\t\t\t\t<li><a href=\"#\" data-filter=\".construccion-de-sentido\">Construcci\u00f3n de Sentido<\/a><\/li>\n<li><a href=\"#\" data-filter=\".estetica-critica\">Est\u00e9tica Cr\u00edtica<\/a><\/li>\n<li><a href=\"#\" data-filter=\".pensamiento-critico\">Pensamiento cr\u00edtico<\/a><\/li>\n\t\t\t\t\t\t\t\t<\/ul>\n\t\t\t\t\t\t\t\t\n\t\t\t\t\n\t\t\t\t\t<div class=\"thumbs clearfix\">\n\t\t\t\t\t\t<div class=\"grid-sizer\"><\/div>\t\t\t\t\t\t\n\t\t\t\t\t\t\n\t\t\t\t\t<div class=\"project small construccion-de-sentido effect-1 \" id=\"project-408\">\n\t\t\t\t\t\t<div class=\"inside\">\n\t\t\t\t\t\t\t\n\t\t\t\t\t\t\t<div class=\"details  has-skills\" style=\"border-color: ;\">\n\t\t\t\t\t\t\t\t<div class=\"text\">\n\t\t\t\t\t\t\t\t\n\t\t\t\t\t\t\t\t<div class=\"title\" >\n\t\t\t\t\t\t\t\t\t<h3 class=\"entry-title\" style=\"color: !important;\">Teolog\u00eda en contingencia<\/h3>\n\t\t\t\t\t\t\t\t<\/div>\n\t\t\t\t\t\t\t\t\n\t\t\t\t\t\t\t\t\t\t\t\t\t\t\t\t<div class=\"skills\" style=\"color: ;\">\n\t\t\t\t\t\t\t\t\tConstrucci\u00f3n de Sentido\t\t\t\t\t\t\t\t<\/div>\n\t\t\t\t\t\t\t\t\t\t\t\t\t\t\t\t\n\t\t\t\t\t\t\t\t<\/div>\n\t\t\t\t\t\t\t<\/div>\n\n\t\t\t\t\t\t\t<div class=\"overlay\" style=\"background-color: #1999a8;\"><\/div>\n\t\t\t\t\t\t\t\n\t\t\t\t\t\t\t\t\t\t\t\t\t\t\t<a href=\"https:\/\/cexibero.online\/index.php\/project\/tc\/\" alt=\"Teolog\u00eda en contingencia\"><\/a>\n\t\t\t\t\t\t\t\t\t\t\t\t\t<img width=\"700\" height=\"700\" src=\"https:\/\/cexibero.online\/wp-content\/uploads\/2015\/08\/tec-2-700x700.jpg\" class=\" wp-post-image\" alt=\"Teolog\u00eda en contingencia\" loading=\"lazy\" title=\"Teolog\u00eda en contingencia\" srcset=\"https:\/\/cexibero.online\/wp-content\/uploads\/2015\/08\/tec-2-700x700.jpg 700w, https:\/\/cexibero.online\/wp-content\/uploads\/2015\/08\/tec-2-150x150.jpg 150w\" sizes=\"(max-width: 700px) 100vw, 700px\" \/>\n\t\t\t\t\t\t\n\n\t\t\t\t\t\t\n\t\t\t\t\t\t<\/div>\n\t\t\t\t\t<\/div><!-- #post->ID -->\n\t\t\t\t\t\t\n\t\t\t\t\t<div class=\"project small construccion-de-sentido estetica-critica effect-1 \" id=\"project-108\">\n\t\t\t\t\t\t<div class=\"inside\">\n\t\t\t\t\t\t\t\n\t\t\t\t\t\t\t<div class=\"details  has-skills\" style=\"border-color: ;\">\n\t\t\t\t\t\t\t\t<div class=\"text\">\n\t\t\t\t\t\t\t\t\n\t\t\t\t\t\t\t\t<div class=\"title\" >\n\t\t\t\t\t\t\t\t\t<h3 class=\"entry-title\" style=\"color: !important;\">Metro y medio<\/h3>\n\t\t\t\t\t\t\t\t<\/div>\n\t\t\t\t\t\t\t\t\n\t\t\t\t\t\t\t\t\t\t\t\t\t\t\t\t<div class=\"skills\" style=\"color: ;\">\n\t\t\t\t\t\t\t\t\tConstrucci\u00f3n de Sentido, Est\u00e9tica Cr\u00edtica\t\t\t\t\t\t\t\t<\/div>\n\t\t\t\t\t\t\t\t\t\t\t\t\t\t\t\t\n\t\t\t\t\t\t\t\t<\/div>\n\t\t\t\t\t\t\t<\/div>\n\n\t\t\t\t\t\t\t<div class=\"overlay\" style=\"background-color: #1999a8;\"><\/div>\n\t\t\t\t\t\t\t\n\t\t\t\t\t\t\t\t\t\t\t\t\t\t\t<a href=\"https:\/\/cexibero.online\/index.php\/project\/metroymedio\/\" alt=\"Metro y medio\"><\/a>\n\t\t\t\t\t\t\t\t\t\t\t\t\t<img width=\"700\" height=\"700\" src=\"https:\/\/cexibero.online\/wp-content\/uploads\/2015\/06\/FY7A0354-700x700.jpg\" class=\" wp-post-image\" alt=\"Metro y medio\" loading=\"lazy\" title=\"Metro y medio\" srcset=\"https:\/\/cexibero.online\/wp-content\/uploads\/2015\/06\/FY7A0354-700x700.jpg 700w, https:\/\/cexibero.online\/wp-content\/uploads\/2015\/06\/FY7A0354-150x150.jpg 150w, https:\/\/cexibero.online\/wp-content\/uploads\/2015\/06\/FY7A0354-1000x1000.jpg 1000w\" sizes=\"(max-width: 700px) 100vw, 700px\" \/>\n\t\t\t\t\t\t\n\n\t\t\t\t\t\t\n\t\t\t\t\t\t<\/div>\n\t\t\t\t\t<\/div><!-- #post->ID -->\n\t\t\t\t\t\t\n\t\t\t\t\t<div class=\"project small estetica-critica effect-1 \" id=\"project-2191\">\n\t\t\t\t\t\t<div class=\"inside\">\n\t\t\t\t\t\t\t\n\t\t\t\t\t\t\t<div class=\"details  has-skills\" style=\"border-color: ;\">\n\t\t\t\t\t\t\t\t<div class=\"text\">\n\t\t\t\t\t\t\t\t\n\t\t\t\t\t\t\t\t<div class=\"title\" >\n\t\t\t\t\t\t\t\t\t<h3 class=\"entry-title\" style=\"color: !important;\">No son 3<\/h3>\n\t\t\t\t\t\t\t\t<\/div>\n\t\t\t\t\t\t\t\t\n\t\t\t\t\t\t\t\t\t\t\t\t\t\t\t\t<div class=\"skills\" style=\"color: ;\">\n\t\t\t\t\t\t\t\t\tEst\u00e9tica Cr\u00edtica\t\t\t\t\t\t\t\t<\/div>\n\t\t\t\t\t\t\t\t\t\t\t\t\t\t\t\t\n\t\t\t\t\t\t\t\t<\/div>\n\t\t\t\t\t\t\t<\/div>\n\n\t\t\t\t\t\t\t<div class=\"overlay\" style=\"background-color: #1999a8;\"><\/div>\n\t\t\t\t\t\t\t\n\t\t\t\t\t\t\t\t\t\t\t\t\t\t\t<a href=\"https:\/\/cexibero.online\/index.php\/project\/no-son-3\/\" alt=\"No son 3\"><\/a>\n\t\t\t\t\t\t\t\t\t\t\t\t\t<img width=\"700\" height=\"700\" src=\"https:\/\/cexibero.online\/wp-content\/uploads\/2020\/10\/noson3-700x700.jpg\" class=\" wp-post-image\" alt=\"No son 3\" loading=\"lazy\" title=\"No son 3\" srcset=\"https:\/\/cexibero.online\/wp-content\/uploads\/2020\/10\/noson3-700x700.jpg 700w, https:\/\/cexibero.online\/wp-content\/uploads\/2020\/10\/noson3-150x150.jpg 150w, https:\/\/cexibero.online\/wp-content\/uploads\/2020\/10\/noson3-1000x1000.jpg 1000w\" sizes=\"(max-width: 700px) 100vw, 700px\" \/>\n\t\t\t\t\t\t\n\n\t\t\t\t\t\t\n\t\t\t\t\t\t<\/div>\n\t\t\t\t\t<\/div><!-- #post->ID -->\n\t\t\t\t\t\t\n\t\t\t\t\t<div class=\"project small estetica-critica pensamiento-critico effect-1 \" id=\"project-2234\">\n\t\t\t\t\t\t<div class=\"inside\">\n\t\t\t\t\t\t\t\n\t\t\t\t\t\t\t<div class=\"details  has-skills\" style=\"border-color: ;\">\n\t\t\t\t\t\t\t\t<div class=\"text\">\n\t\t\t\t\t\t\t\t\n\t\t\t\t\t\t\t\t<div class=\"title\" >\n\t\t\t\t\t\t\t\t\t<h3 class=\"entry-title\" style=\"color: !important;\">La casa de Ariadna<\/h3>\n\t\t\t\t\t\t\t\t<\/div>\n\t\t\t\t\t\t\t\t\n\t\t\t\t\t\t\t\t\t\t\t\t\t\t\t\t<div class=\"skills\" style=\"color: ;\">\n\t\t\t\t\t\t\t\t\tEst\u00e9tica Cr\u00edtica, Pensamiento cr\u00edtico\t\t\t\t\t\t\t\t<\/div>\n\t\t\t\t\t\t\t\t\t\t\t\t\t\t\t\t\n\t\t\t\t\t\t\t\t<\/div>\n\t\t\t\t\t\t\t<\/div>\n\n\t\t\t\t\t\t\t<div class=\"overlay\" style=\"background-color: #1999a8;\"><\/div>\n\t\t\t\t\t\t\t\n\t\t\t\t\t\t\t\t\t\t\t\t\t\t\t<a href=\"https:\/\/cexibero.online\/index.php\/project\/la-casa-de-ariadna\/\" alt=\"La casa de Ariadna\"><\/a>\n\t\t\t\t\t\t\t\t\t\t\t\t\t<img width=\"700\" height=\"700\" src=\"https:\/\/cexibero.online\/wp-content\/uploads\/2022\/01\/tri-ariadna-700x700.png\" class=\" wp-post-image\" alt=\"La casa de Ariadna\" loading=\"lazy\" title=\"La casa de Ariadna\" srcset=\"https:\/\/cexibero.online\/wp-content\/uploads\/2022\/01\/tri-ariadna-700x700.png 700w, https:\/\/cexibero.online\/wp-content\/uploads\/2022\/01\/tri-ariadna-150x150.png 150w, https:\/\/cexibero.online\/wp-content\/uploads\/2022\/01\/tri-ariadna-1000x1000.png 1000w\" sizes=\"(max-width: 700px) 100vw, 700px\" \/>\n\t\t\t\t\t\t\n\n\t\t\t\t\t\t\n\t\t\t\t\t\t<\/div>\n\t\t\t\t\t<\/div><!-- #post->ID -->\n\t\t\t\t\t\t\n\t\t\t\t\t<div class=\"project small pensamiento-critico effect-1 \" id=\"project-745\">\n\t\t\t\t\t\t<div class=\"inside\">\n\t\t\t\t\t\t\t\n\t\t\t\t\t\t\t<div class=\"details  has-skills\" style=\"border-color: ;\">\n\t\t\t\t\t\t\t\t<div class=\"text\">\n\t\t\t\t\t\t\t\t\n\t\t\t\t\t\t\t\t<div class=\"title\" >\n\t\t\t\t\t\t\t\t\t<h3 class=\"entry-title\" style=\"color: !important;\">VAHO<\/h3>\n\t\t\t\t\t\t\t\t<\/div>\n\t\t\t\t\t\t\t\t\n\t\t\t\t\t\t\t\t\t\t\t\t\t\t\t\t<div class=\"skills\" style=\"color: ;\">\n\t\t\t\t\t\t\t\t\tPensamiento cr\u00edtico\t\t\t\t\t\t\t\t<\/div>\n\t\t\t\t\t\t\t\t\t\t\t\t\t\t\t\t\n\t\t\t\t\t\t\t\t<\/div>\n\t\t\t\t\t\t\t<\/div>\n\n\t\t\t\t\t\t\t<div class=\"overlay\" style=\"background-color: #1999a8;\"><\/div>\n\t\t\t\t\t\t\t\n\t\t\t\t\t\t\t\t\t\t\t\t\t\t\t<a href=\"https:\/\/cexibero.online\/index.php\/project\/vaho\/\" alt=\"VAHO\"><\/a>\n\t\t\t\t\t\t\t\t\t\t\t\t\t<img width=\"700\" height=\"700\" src=\"https:\/\/cexibero.online\/wp-content\/uploads\/2015\/08\/MG_7759-700x700.jpg\" class=\" wp-post-image\" alt=\"VAHO\" loading=\"lazy\" title=\"VAHO\" srcset=\"https:\/\/cexibero.online\/wp-content\/uploads\/2015\/08\/MG_7759-700x700.jpg 700w, https:\/\/cexibero.online\/wp-content\/uploads\/2015\/08\/MG_7759-150x150.jpg 150w, https:\/\/cexibero.online\/wp-content\/uploads\/2015\/08\/MG_7759-1000x1000.jpg 1000w\" sizes=\"(max-width: 700px) 100vw, 700px\" \/>\n\t\t\t\t\t\t\n\n\t\t\t\t\t\t\n\t\t\t\t\t\t<\/div>\n\t\t\t\t\t<\/div><!-- #post->ID -->\n\t\t\t\t\t\t\n\t\t\t\t\t<div class=\"project small estetica-critica effect-1 \" id=\"project-498\">\n\t\t\t\t\t\t<div class=\"inside\">\n\t\t\t\t\t\t\t\n\t\t\t\t\t\t\t<div class=\"details  has-skills\" style=\"border-color: ;\">\n\t\t\t\t\t\t\t\t<div class=\"text\">\n\t\t\t\t\t\t\t\t\n\t\t\t\t\t\t\t\t<div class=\"title\" >\n\t\t\t\t\t\t\t\t\t<h3 class=\"entry-title\" style=\"color: !important;\">Desde el Aislamiento<\/h3>\n\t\t\t\t\t\t\t\t<\/div>\n\t\t\t\t\t\t\t\t\n\t\t\t\t\t\t\t\t\t\t\t\t\t\t\t\t<div class=\"skills\" style=\"color: ;\">\n\t\t\t\t\t\t\t\t\tEst\u00e9tica Cr\u00edtica\t\t\t\t\t\t\t\t<\/div>\n\t\t\t\t\t\t\t\t\t\t\t\t\t\t\t\t\n\t\t\t\t\t\t\t\t<\/div>\n\t\t\t\t\t\t\t<\/div>\n\n\t\t\t\t\t\t\t<div class=\"overlay\" style=\"background-color: #1999a8;\"><\/div>\n\t\t\t\t\t\t\t\n\t\t\t\t\t\t\t\t\t\t\t\t\t\t\t<a href=\"https:\/\/cexibero.online\/index.php\/project\/aislamiento\/\" alt=\"Desde el Aislamiento\"><\/a>\n\t\t\t\t\t\t\t\t\t\t\t\t\t<img width=\"600\" height=\"600\" src=\"https:\/\/cexibero.online\/wp-content\/uploads\/2015\/07\/t_p2.jpg\" class=\" wp-post-image\" alt=\"Desde el Aislamiento\" loading=\"lazy\" title=\"Desde el Aislamiento\" srcset=\"https:\/\/cexibero.online\/wp-content\/uploads\/2015\/07\/t_p2.jpg 600w, https:\/\/cexibero.online\/wp-content\/uploads\/2015\/07\/t_p2-300x300.jpg 300w, https:\/\/cexibero.online\/wp-content\/uploads\/2015\/07\/t_p2-150x150.jpg 150w\" sizes=\"(max-width: 600px) 100vw, 600px\" \/>\n\t\t\t\t\t\t\n\n\t\t\t\t\t\t\n\t\t\t\t\t\t<\/div>\n\t\t\t\t\t<\/div><!-- #post->ID -->\n\t\t\t\t\t\t\t\t\t\t\t<\/div><!-- .thumbs -->\n\t\t\t\t\t\t\t\t\t<\/div><!-- .projects -->\n\t\t\t\t<\/div><\/div><\/div><\/div><\/div>","protected":false},"excerpt":{"rendered":"<p>\u00a0Desde el aislamiento.\u00a0 Jos\u00e9 Luis Guti\u00e9rrez Brezmes\u00a0 Al hacer este dibujo a finales del a\u00f1o pasado, no imaginaba que en muchas formas era premonitorio de un 2020 que pondr\u00eda a prueba nuestra paciencia y fortaleza.\u00a0 Siempre he sido aficionado a garabatear y dibujar sin ninguna pretensi\u00f3n art\u00edstica, tan solo como oportunidad l\u00fadica para la reflexi\u00f3n &hellip; <a href=\"https:\/\/cexibero.online\/index.php\/project\/aislamiento\/\" title=\"Desde el Aislamiento\" class=\"read-more\">Read More<\/a><\/p>\n","protected":false},"author":1,"featured_media":0,"parent":0,"menu_order":0,"comment_status":"closed","ping_status":"closed","template":"","meta":[],"_links":{"self":[{"href":"https:\/\/cexibero.online\/index.php\/wp-json\/wp\/v2\/pages\/476"}],"collection":[{"href":"https:\/\/cexibero.online\/index.php\/wp-json\/wp\/v2\/pages"}],"about":[{"href":"https:\/\/cexibero.online\/index.php\/wp-json\/wp\/v2\/types\/page"}],"author":[{"embeddable":true,"href":"https:\/\/cexibero.online\/index.php\/wp-json\/wp\/v2\/users\/1"}],"replies":[{"embeddable":true,"href":"https:\/\/cexibero.online\/index.php\/wp-json\/wp\/v2\/comments?post=476"}],"version-history":[{"count":4,"href":"https:\/\/cexibero.online\/index.php\/wp-json\/wp\/v2\/pages\/476\/revisions"}],"predecessor-version":[{"id":1642,"href":"https:\/\/cexibero.online\/index.php\/wp-json\/wp\/v2\/pages\/476\/revisions\/1642"}],"wp:attachment":[{"href":"https:\/\/cexibero.online\/index.php\/wp-json\/wp\/v2\/media?parent=476"}],"curies":[{"name":"wp","href":"https:\/\/api.w.org\/{rel}","templated":true}]}}